{"id":96,"date":"2012-12-28T22:11:05","date_gmt":"2012-12-28T21:11:05","guid":{"rendered":"http:\/\/bokskogslopare.se\/wp\/?page_id=96"},"modified":"2024-12-18T16:44:10","modified_gmt":"2024-12-18T15:44:10","slug":"skraddarsy-naturguidning","status":"publish","type":"page","link":"https:\/\/bokskogslopare.se\/wp\/?page_id=96","title":{"rendered":"Boka en fladderemusexkursion"},"content":{"rendered":"<p>H\u00f6r av er till mig om ni vill boka en fladdermusguidning.<\/p>\n<p>Grundpris \u00e4r 2000 kr\/timme + moms och eventuellt bilers\u00e4ttning.<\/p>\n<p><strong>Regn!<\/strong> Kraftigt regn \u00e4r d\u00e5ligt fladdermusv\u00e4der. De flyger inte i allt f\u00f6r d\u00e5ligt v\u00e4der. Jag st\u00e4ller dock inte in n\u00e5gon planerad fladdermussafari. F\u00f6rutom i allt f\u00f6r trist v\u00e4der och i s\u00e5 fall i allra sista stund. F\u00f6rbetalt inneb\u00e4r alltid pengarna tillbaka om evenemanget inte blir av.<\/p>\n","protected":false},"excerpt":{"rendered":"<p>H\u00f6r av er till mig om ni vill boka en fladdermusguidning. Grundpris \u00e4r 2000 kr\/timme + moms och eventuellt bilers\u00e4ttning. Regn! Kraftigt regn \u00e4r d\u00e5ligt fladdermusv\u00e4der. De flyger inte i allt f\u00f6r d\u00e5ligt v\u00e4der. Jag st\u00e4ller dock inte in n\u00e5gon &hellip; <a href=\"https:\/\/bokskogslopare.se\/wp\/?page_id=96\">Forts\u00e4tt l\u00e4sa <span class=\"meta-nav\">&rarr;<\/span><\/a><\/p>\n","protected":false},"author":1,"featured_media":0,"parent":0,"menu_order":6,"comment_status":"closed","ping_status":"closed","template":"","meta":{"footnotes":""},"class_list":["post-96","page","type-page","status-publish","hentry"],"_links":{"self":[{"href":"https:\/\/bokskogslopare.se\/wp\/index.php?rest_route=\/wp\/v2\/pages\/96","targetHints":{"allow":["GET"]}}],"collection":[{"href":"https:\/\/bokskogslopare.se\/wp\/index.php?rest_route=\/wp\/v2\/pages"}],"about":[{"href":"https:\/\/bokskogslopare.se\/wp\/index.php?rest_route=\/wp\/v2\/types\/page"}],"author":[{"embeddable":true,"href":"https:\/\/bokskogslopare.se\/wp\/index.php?rest_route=\/wp\/v2\/users\/1"}],"replies":[{"embeddable":true,"href":"https:\/\/bokskogslopare.se\/wp\/index.php?rest_route=%2Fwp%2Fv2%2Fcomments&post=96"}],"version-history":[{"count":19,"href":"https:\/\/bokskogslopare.se\/wp\/index.php?rest_route=\/wp\/v2\/pages\/96\/revisions"}],"predecessor-version":[{"id":658,"href":"https:\/\/bokskogslopare.se\/wp\/index.php?rest_route=\/wp\/v2\/pages\/96\/revisions\/658"}],"wp:attachment":[{"href":"https:\/\/bokskogslopare.se\/wp\/index.php?rest_route=%2Fwp%2Fv2%2Fmedia&parent=96"}],"curies":[{"name":"wp","href":"https:\/\/api.w.org\/{rel}","templated":true}]}}