{"id":94,"date":"2012-12-28T22:10:34","date_gmt":"2012-12-28T21:10:34","guid":{"rendered":"http:\/\/bokskogslopare.se\/wp\/?page_id=94"},"modified":"2020-11-18T07:10:06","modified_gmt":"2020-11-18T06:10:06","slug":"bildarkiv","status":"publish","type":"page","link":"https:\/\/bokskogslopare.se\/wp\/?page_id=94","title":{"rendered":"Bildarkiv"},"content":{"rendered":"<div id=\"attachment_126\" style=\"width: 310px\" class=\"wp-caption alignnone\"><a href=\"http:\/\/bokskogslopare.se\/wp\/?attachment_id=126\" rel=\"attachment wp-att-126\"><img loading=\"lazy\" decoding=\"async\" aria-describedby=\"caption-attachment-126\" class=\"size-medium wp-image-126\" src=\"http:\/\/bokskogslopare.se\/wp\/wp-content\/uploads\/2012\/12\/Fladderm\u00f6ss-med-Stefan-300x199.jpg\" alt=\"Framme vid dammen, H\u00e4r brukar vaddenfladderm\u00f6ssen flyga l\u00e5gt \u00f6ver vattenytan och snappa upp myggor och sl\u00e4ndor precis n\u00e4r de kl\u00e4cks.\" width=\"300\" height=\"199\" srcset=\"https:\/\/bokskogslopare.se\/wp\/wp-content\/uploads\/2012\/12\/Fladderm\u00f6ss-med-Stefan-300x199.jpg 300w, https:\/\/bokskogslopare.se\/wp\/wp-content\/uploads\/2012\/12\/Fladderm\u00f6ss-med-Stefan-450x300.jpg 450w, https:\/\/bokskogslopare.se\/wp\/wp-content\/uploads\/2012\/12\/Fladderm\u00f6ss-med-Stefan.jpg 896w\" sizes=\"auto, (max-width: 300px) 100vw, 300px\" \/><\/a><p id=\"caption-attachment-126\" class=\"wp-caption-text\">Juli 2012. Vid Hammarm\u00f6lledamm, Hovdala. Foto Teresa Starkenberg<\/p><\/div>\n<div id=\"attachment_286\" style=\"width: 310px\" class=\"wp-caption alignnone\"><a href=\"http:\/\/bokskogslopare.se\/wp\/wp-content\/uploads\/2012\/12\/J7B0552a.jpg\"><img loading=\"lazy\" decoding=\"async\" aria-describedby=\"caption-attachment-286\" class=\"size-medium wp-image-286\" src=\"http:\/\/bokskogslopare.se\/wp\/wp-content\/uploads\/2012\/12\/J7B0552a-300x200.jpg\" alt=\"Plecotus auritus, Hallar\u00f6d kyrka 2015. Foto Jens Rydell\" width=\"300\" height=\"200\" srcset=\"https:\/\/bokskogslopare.se\/wp\/wp-content\/uploads\/2012\/12\/J7B0552a-300x200.jpg 300w, https:\/\/bokskogslopare.se\/wp\/wp-content\/uploads\/2012\/12\/J7B0552a-1024x683.jpg 1024w, https:\/\/bokskogslopare.se\/wp\/wp-content\/uploads\/2012\/12\/J7B0552a-450x300.jpg 450w\" sizes=\"auto, (max-width: 300px) 100vw, 300px\" \/><\/a><p id=\"caption-attachment-286\" class=\"wp-caption-text\">Plecotus auritus, Hallar\u00f6d kyrka 2015. Foto Jens Rydell<\/p><\/div>\n<div id=\"attachment_79\" style=\"width: 310px\" class=\"wp-caption alignnone\"><a href=\"http:\/\/bokskogslopare.se\/wp\/?attachment_id=79\" rel=\"attachment wp-att-79\"><img loading=\"lazy\" decoding=\"async\" aria-describedby=\"caption-attachment-79\" class=\"size-medium wp-image-79\" src=\"http:\/\/bokskogslopare.se\/wp\/wp-content\/uploads\/2012\/12\/Foto-Jens-Rydell-300x197.jpg\" alt=\"Vattenfladdermus foto: Jens Rydell\" width=\"300\" height=\"197\" srcset=\"https:\/\/bokskogslopare.se\/wp\/wp-content\/uploads\/2012\/12\/Foto-Jens-Rydell-300x197.jpg 300w, https:\/\/bokskogslopare.se\/wp\/wp-content\/uploads\/2012\/12\/Foto-Jens-Rydell-455x300.jpg 455w, https:\/\/bokskogslopare.se\/wp\/wp-content\/uploads\/2012\/12\/Foto-Jens-Rydell.jpg 1024w\" sizes=\"auto, (max-width: 300px) 100vw, 300px\" \/><\/a><p id=\"caption-attachment-79\" class=\"wp-caption-text\">Vattenfladdermus foto: Jens Rydell<\/p><\/div>\n<div id=\"attachment_46\" style=\"width: 310px\" class=\"wp-caption alignnone\"><a href=\"http:\/\/bokskogslopare.se\/wp\/?attachment_id=46\" rel=\"attachment wp-att-46\"><img loading=\"lazy\" decoding=\"async\" aria-describedby=\"caption-attachment-46\" class=\"size-medium wp-image-46\" src=\"http:\/\/bokskogslopare.se\/wp\/wp-content\/uploads\/2012\/12\/L\u00e5ng\u00f6rad-300x226.jpg\" alt=\"L\u00e5ng\u00f6rad fladdermus Foto: Jens Rydell\" width=\"300\" height=\"226\" srcset=\"https:\/\/bokskogslopare.se\/wp\/wp-content\/uploads\/2012\/12\/L\u00e5ng\u00f6rad-300x226.jpg 300w, https:\/\/bokskogslopare.se\/wp\/wp-content\/uploads\/2012\/12\/L\u00e5ng\u00f6rad-398x300.jpg 398w, https:\/\/bokskogslopare.se\/wp\/wp-content\/uploads\/2012\/12\/L\u00e5ng\u00f6rad.jpg 596w\" sizes=\"auto, (max-width: 300px) 100vw, 300px\" \/><\/a><p id=\"caption-attachment-46\" class=\"wp-caption-text\">Brunl\u00e5ng\u00f6ra. Foto: Jens Rydell<\/p><\/div>\n<div id=\"attachment_124\" style=\"width: 310px\" class=\"wp-caption alignnone\"><a href=\"http:\/\/bokskogslopare.se\/wp\/?attachment_id=124\" rel=\"attachment wp-att-124\"><img loading=\"lazy\" decoding=\"async\" aria-describedby=\"caption-attachment-124\" class=\"size-medium wp-image-124\" src=\"http:\/\/bokskogslopare.se\/wp\/wp-content\/uploads\/2012\/12\/54-300x168.jpg\" alt=\"Juli 2012! Hovdalanatt \u00e4r fladdermusnatt :) Foto Teresa Starkenberg\" width=\"300\" height=\"168\" srcset=\"https:\/\/bokskogslopare.se\/wp\/wp-content\/uploads\/2012\/12\/54-300x168.jpg 300w, https:\/\/bokskogslopare.se\/wp\/wp-content\/uploads\/2012\/12\/54-1024x574.jpg 1024w, https:\/\/bokskogslopare.se\/wp\/wp-content\/uploads\/2012\/12\/54-500x280.jpg 500w\" sizes=\"auto, (max-width: 300px) 100vw, 300px\" \/><\/a><p id=\"caption-attachment-124\" class=\"wp-caption-text\">Juli 2012! Hovdalanatt \u00e4r fladdermusnatt \ud83d\ude42 Foto Teresa Starkenberg<\/p><\/div>\n<div id=\"attachment_123\" style=\"width: 310px\" class=\"wp-caption alignnone\"><a href=\"http:\/\/bokskogslopare.se\/wp\/?attachment_id=123\" rel=\"attachment wp-att-123\"><img loading=\"lazy\" decoding=\"async\" aria-describedby=\"caption-attachment-123\" class=\"size-medium wp-image-123\" src=\"http:\/\/bokskogslopare.se\/wp\/wp-content\/uploads\/2012\/12\/53-300x200.jpg\" alt=\"Juli 2012! Vid hammarm\u00f6lledamm, Hovdala! Foto Teresa Starkenberg \" width=\"300\" height=\"200\" srcset=\"https:\/\/bokskogslopare.se\/wp\/wp-content\/uploads\/2012\/12\/53-300x200.jpg 300w, https:\/\/bokskogslopare.se\/wp\/wp-content\/uploads\/2012\/12\/53-1024x682.jpg 1024w, https:\/\/bokskogslopare.se\/wp\/wp-content\/uploads\/2012\/12\/53-450x300.jpg 450w\" sizes=\"auto, (max-width: 300px) 100vw, 300px\" \/><\/a><p id=\"caption-attachment-123\" class=\"wp-caption-text\">Juli 2012! Vid hammarm\u00f6lledamm, Hovdala! Foto Teresa Starkenberg<\/p><\/div>\n<div id=\"attachment_121\" style=\"width: 310px\" class=\"wp-caption alignnone\"><a href=\"http:\/\/bokskogslopare.se\/wp\/?attachment_id=121\" rel=\"attachment wp-att-121\"><img loading=\"lazy\" decoding=\"async\" aria-describedby=\"caption-attachment-121\" class=\"size-medium wp-image-121\" src=\"http:\/\/bokskogslopare.se\/wp\/wp-content\/uploads\/2012\/12\/49-300x212.jpg\" alt=\"Juli 2012! Vid d\u00e4mmet! Foto Teresa Starkenberg\" width=\"300\" height=\"212\" srcset=\"https:\/\/bokskogslopare.se\/wp\/wp-content\/uploads\/2012\/12\/49-300x212.jpg 300w, https:\/\/bokskogslopare.se\/wp\/wp-content\/uploads\/2012\/12\/49-1024x725.jpg 1024w, https:\/\/bokskogslopare.se\/wp\/wp-content\/uploads\/2012\/12\/49-423x300.jpg 423w\" sizes=\"auto, (max-width: 300px) 100vw, 300px\" \/><\/a><p id=\"caption-attachment-121\" class=\"wp-caption-text\">Juli 2012! Vid d\u00e4mmet! Foto Teresa Starkenberg<\/p><\/div>\n<div id=\"attachment_120\" style=\"width: 310px\" class=\"wp-caption alignnone\"><a href=\"http:\/\/bokskogslopare.se\/wp\/?attachment_id=120\" rel=\"attachment wp-att-120\"><img loading=\"lazy\" decoding=\"async\" aria-describedby=\"caption-attachment-120\" class=\"size-medium wp-image-120\" src=\"http:\/\/bokskogslopare.se\/wp\/wp-content\/uploads\/2012\/12\/48-300x199.jpg\" alt=\"Juli1 2012, Hammarm\u00f6lledamm! Foto Teresa Starkenberg\" width=\"300\" height=\"199\" srcset=\"https:\/\/bokskogslopare.se\/wp\/wp-content\/uploads\/2012\/12\/48-300x199.jpg 300w, https:\/\/bokskogslopare.se\/wp\/wp-content\/uploads\/2012\/12\/48-1024x682.jpg 1024w, https:\/\/bokskogslopare.se\/wp\/wp-content\/uploads\/2012\/12\/48-450x300.jpg 450w\" sizes=\"auto, (max-width: 300px) 100vw, 300px\" \/><\/a><p id=\"caption-attachment-120\" class=\"wp-caption-text\">Juli1 2012, Hammarm\u00f6lledamm! Foto Teresa Starkenberg<\/p><\/div>\n","protected":false},"excerpt":{"rendered":"","protected":false},"author":1,"featured_media":0,"parent":0,"menu_order":5,"comment_status":"closed","ping_status":"closed","template":"","meta":{"footnotes":""},"class_list":["post-94","page","type-page","status-publish","hentry"],"_links":{"self":[{"href":"https:\/\/bokskogslopare.se\/wp\/index.php?rest_route=\/wp\/v2\/pages\/94","targetHints":{"allow":["GET"]}}],"collection":[{"href":"https:\/\/bokskogslopare.se\/wp\/index.php?rest_route=\/wp\/v2\/pages"}],"about":[{"href":"https:\/\/bokskogslopare.se\/wp\/index.php?rest_route=\/wp\/v2\/types\/page"}],"author":[{"embeddable":true,"href":"https:\/\/bokskogslopare.se\/wp\/index.php?rest_route=\/wp\/v2\/users\/1"}],"replies":[{"embeddable":true,"href":"https:\/\/bokskogslopare.se\/wp\/index.php?rest_route=%2Fwp%2Fv2%2Fcomments&post=94"}],"version-history":[{"count":18,"href":"https:\/\/bokskogslopare.se\/wp\/index.php?rest_route=\/wp\/v2\/pages\/94\/revisions"}],"predecessor-version":[{"id":506,"href":"https:\/\/bokskogslopare.se\/wp\/index.php?rest_route=\/wp\/v2\/pages\/94\/revisions\/506"}],"wp:attachment":[{"href":"https:\/\/bokskogslopare.se\/wp\/index.php?rest_route=%2Fwp%2Fv2%2Fmedia&parent=94"}],"curies":[{"name":"wp","href":"https:\/\/api.w.org\/{rel}","templated":true}]}}