{"id":89,"date":"2012-12-28T22:05:43","date_gmt":"2012-12-28T21:05:43","guid":{"rendered":"http:\/\/bokskogslopare.se\/wp\/?page_id=89"},"modified":"2026-04-05T12:31:49","modified_gmt":"2026-04-05T11:31:49","slug":"fladdermuskunskap-och-bra-lankar","status":"publish","type":"page","link":"https:\/\/bokskogslopare.se\/wp\/?page_id=89","title":{"rendered":"Fladdermuskunskap och bra l\u00e4nkar"},"content":{"rendered":"<p>Vi kommer prata mycket om fladderm\u00f6ss p\u00e5 fladdermussafarin men h\u00e4r finns mer tips:<\/p>\n<ul>\n<li><strong><a href=\"http:\/\/www.naturvardsverket.se\/fladdermus\" target=\"_blank\" rel=\"noopener noreferrer\">http:\/\/www.naturvardsverket.se\/fladdermus<\/a>\u00a0<\/strong>Naturv\u00e5rdsverket!<\/li>\n<li><strong><a href=\"http:\/\/www.eurobats.org\/\" target=\"_blank\" rel=\"noopener noreferrer\">http:\/\/www.eurobats.org\/<\/a>\u00a0<\/strong>Eurobats!<\/li>\n<li><a href=\"https:\/\/batlife-sweden.se\/\"><strong>https:\/\/batlife-sweden.se\/<\/strong><\/a><strong>\u00a0<\/strong>Sveriges fladdermusf\u00f6rening!<\/li>\n<li>Facebookgruppen Fladderm\u00f6ss i Sverige!<\/li>\n<li><strong><a href=\"http:\/\/fladdermus.net\/\" target=\"_blank\" rel=\"noopener noreferrer\">http:\/\/fladdermus.net\/<\/a>\u00a0<\/strong><\/li>\n<\/ul>\n<p>Fladdermusguide i excel-format:\u00a0 <a href=\"https:\/\/bokskogslopare.se\/wp\/wp-content\/uploads\/2026\/04\/FLM-guide-Allman-260405.xls\">FLM-guide Allm\u00e4n 260405<\/a> \u00a0&#8211; Guiden \u00e4r p\u00e5 tv\u00e5 sidor. En sida med alla Sveriges arter, den andra sidan med de \u00e5tta vanligaste arterna (sida 2 blir lite enklare at anv\u00e4nda i skymning och m\u00f6rker).\u00a0<\/p>\n\n\n<p><\/p>\n","protected":false},"excerpt":{"rendered":"<p>Vi kommer prata mycket om fladderm\u00f6ss p\u00e5 fladdermussafarin men h\u00e4r finns mer tips: http:\/\/www.naturvardsverket.se\/fladdermus\u00a0Naturv\u00e5rdsverket! http:\/\/www.eurobats.org\/\u00a0Eurobats! https:\/\/batlife-sweden.se\/\u00a0Sveriges fladdermusf\u00f6rening! Facebookgruppen Fladderm\u00f6ss i Sverige! http:\/\/fladdermus.net\/\u00a0 Fladdermusguide i excel-format:\u00a0 FLM-guide Allm\u00e4n 260405 \u00a0&#8211; Guiden \u00e4r p\u00e5 tv\u00e5 sidor. En sida med alla Sveriges arter, &hellip; <a href=\"https:\/\/bokskogslopare.se\/wp\/?page_id=89\">Forts\u00e4tt l\u00e4sa <span class=\"meta-nav\">&rarr;<\/span><\/a><\/p>\n","protected":false},"author":1,"featured_media":0,"parent":0,"menu_order":4,"comment_status":"closed","ping_status":"closed","template":"","meta":{"footnotes":""},"class_list":["post-89","page","type-page","status-publish","hentry"],"_links":{"self":[{"href":"https:\/\/bokskogslopare.se\/wp\/index.php?rest_route=\/wp\/v2\/pages\/89","targetHints":{"allow":["GET"]}}],"collection":[{"href":"https:\/\/bokskogslopare.se\/wp\/index.php?rest_route=\/wp\/v2\/pages"}],"about":[{"href":"https:\/\/bokskogslopare.se\/wp\/index.php?rest_route=\/wp\/v2\/types\/page"}],"author":[{"embeddable":true,"href":"https:\/\/bokskogslopare.se\/wp\/index.php?rest_route=\/wp\/v2\/users\/1"}],"replies":[{"embeddable":true,"href":"https:\/\/bokskogslopare.se\/wp\/index.php?rest_route=%2Fwp%2Fv2%2Fcomments&post=89"}],"version-history":[{"count":30,"href":"https:\/\/bokskogslopare.se\/wp\/index.php?rest_route=\/wp\/v2\/pages\/89\/revisions"}],"predecessor-version":[{"id":661,"href":"https:\/\/bokskogslopare.se\/wp\/index.php?rest_route=\/wp\/v2\/pages\/89\/revisions\/661"}],"wp:attachment":[{"href":"https:\/\/bokskogslopare.se\/wp\/index.php?rest_route=%2Fwp%2Fv2%2Fmedia&parent=89"}],"curies":[{"name":"wp","href":"https:\/\/api.w.org\/{rel}","templated":true}]}}