{"id":66,"date":"2012-12-28T16:49:38","date_gmt":"2012-12-28T15:49:38","guid":{"rendered":"http:\/\/bokskogslopare.se\/wp\/?page_id=66"},"modified":"2023-01-02T15:39:01","modified_gmt":"2023-01-02T14:39:01","slug":"om-mig","status":"publish","type":"page","link":"https:\/\/bokskogslopare.se\/wp\/?page_id=66","title":{"rendered":"Om Bokskogsl\u00f6paren"},"content":{"rendered":"<p>Jag heter Stefan Viktorsson, uppl\u00e4nning bosatt i Sk\u00e5ne sedan 2001.<\/p>\n<p>Sedan 2009 driver jag en liten firma som jag kallar &#8221;Bokskogsl\u00f6pare&#8221; och erbjuder naturvandringar. Framf\u00f6r allt fladdermussafaris.&nbsp;<\/p>\n<p>Jag \u00e4r utbildad naturguide med examen fr\u00e5n Linn\u00e9universitetet i Kalmar, har ocks\u00e5 studerat geologi i Lund och i Kalmar. Jag har guidat om fladderm\u00f6ss p\u00e5 Hovdala sedan 2010.<\/p>\n<p>Jag har FA-skattsedel.<\/p>\n\n\n<figure class=\"wp-block-image size-large\"><a href=\"https:\/\/bokskogslopare.se\/wp\/wp-content\/uploads\/2023\/01\/IMG_20220910_145250_876.jpg\"><img loading=\"lazy\" decoding=\"async\" width=\"1024\" height=\"1024\" src=\"https:\/\/bokskogslopare.se\/wp\/wp-content\/uploads\/2023\/01\/IMG_20220910_145250_876-1024x1024.jpg\" alt=\"\" class=\"wp-image-595\" srcset=\"https:\/\/bokskogslopare.se\/wp\/wp-content\/uploads\/2023\/01\/IMG_20220910_145250_876-1024x1024.jpg 1024w, https:\/\/bokskogslopare.se\/wp\/wp-content\/uploads\/2023\/01\/IMG_20220910_145250_876-300x300.jpg 300w, https:\/\/bokskogslopare.se\/wp\/wp-content\/uploads\/2023\/01\/IMG_20220910_145250_876-150x150.jpg 150w, https:\/\/bokskogslopare.se\/wp\/wp-content\/uploads\/2023\/01\/IMG_20220910_145250_876-768x768.jpg 768w, https:\/\/bokskogslopare.se\/wp\/wp-content\/uploads\/2023\/01\/IMG_20220910_145250_876.jpg 1080w\" sizes=\"auto, (max-width: 1024px) 100vw, 1024px\" \/><\/a><\/figure>\n","protected":false},"excerpt":{"rendered":"<p>Jag heter Stefan Viktorsson, uppl\u00e4nning bosatt i Sk\u00e5ne sedan 2001. Sedan 2009 driver jag en liten firma som jag kallar &#8221;Bokskogsl\u00f6pare&#8221; och erbjuder naturvandringar. Framf\u00f6r allt fladdermussafaris.&nbsp; Jag \u00e4r utbildad naturguide med examen fr\u00e5n Linn\u00e9universitetet i Kalmar, har ocks\u00e5 studerat &hellip; <a href=\"https:\/\/bokskogslopare.se\/wp\/?page_id=66\">Forts\u00e4tt l\u00e4sa <span class=\"meta-nav\">&rarr;<\/span><\/a><\/p>\n","protected":false},"author":1,"featured_media":0,"parent":0,"menu_order":3,"comment_status":"closed","ping_status":"closed","template":"","meta":{"footnotes":""},"class_list":["post-66","page","type-page","status-publish","hentry"],"_links":{"self":[{"href":"https:\/\/bokskogslopare.se\/wp\/index.php?rest_route=\/wp\/v2\/pages\/66","targetHints":{"allow":["GET"]}}],"collection":[{"href":"https:\/\/bokskogslopare.se\/wp\/index.php?rest_route=\/wp\/v2\/pages"}],"about":[{"href":"https:\/\/bokskogslopare.se\/wp\/index.php?rest_route=\/wp\/v2\/types\/page"}],"author":[{"embeddable":true,"href":"https:\/\/bokskogslopare.se\/wp\/index.php?rest_route=\/wp\/v2\/users\/1"}],"replies":[{"embeddable":true,"href":"https:\/\/bokskogslopare.se\/wp\/index.php?rest_route=%2Fwp%2Fv2%2Fcomments&post=66"}],"version-history":[{"count":25,"href":"https:\/\/bokskogslopare.se\/wp\/index.php?rest_route=\/wp\/v2\/pages\/66\/revisions"}],"predecessor-version":[{"id":596,"href":"https:\/\/bokskogslopare.se\/wp\/index.php?rest_route=\/wp\/v2\/pages\/66\/revisions\/596"}],"wp:attachment":[{"href":"https:\/\/bokskogslopare.se\/wp\/index.php?rest_route=%2Fwp%2Fv2%2Fmedia&parent=66"}],"curies":[{"name":"wp","href":"https:\/\/api.w.org\/{rel}","templated":true}]}}