{"id":39,"date":"2012-12-26T21:19:41","date_gmt":"2012-12-26T20:19:41","guid":{"rendered":"http:\/\/bokskogslopare.se\/wp\/?page_id=39"},"modified":"2026-04-05T12:34:23","modified_gmt":"2026-04-05T11:34:23","slug":"fladdermoss-pa-hovdala","status":"publish","type":"page","link":"https:\/\/bokskogslopare.se\/wp\/?page_id=39","title":{"rendered":"Inga fladdarmussafaris planerade p\u00e5 Hovdala 2026"},"content":{"rendered":"\n<p>Pga grund av stora kommande f\u00f6r\u00e4ndringar p\u00e5 Hovdala naturomr\u00e5de \u00e4r inte n\u00e5gon fladdermussafari planerad under 2025.<\/p>\n\n\n\n<p>Hammarm\u00f6lledamm (bilden) kommer rivas ut under 2025 vilket f\u00f6rmodas p\u00e5verka fladdermusfaunan i omr\u00e5det. Hur stor eller vilken p\u00e5verkan det ger \u00e4r os\u00e4kert att sia om men jag kommer ist\u00e4llet rekognosera under 2025 f\u00f6r att eventuellt planera guidningar 2026 i omr\u00e5det. <\/p>\n\n\n\n<p>Dessutom, vid en annan plats p\u00e5 Hovdalaomr\u00e5det, \u00e4r \u00e4ven avverkning av v\u00e4rdefull skog planerad vilket ocks\u00e5 kan p\u00e5verka fladderm\u00f6ssen negativt. <\/p>\n\n\n\n<p><\/p>\n\n\n\n<figure class=\"wp-block-image alignnone size-large\"><a href=\"https:\/\/bokskogslopare.se\/wp\/wp-content\/uploads\/2020\/12\/Dammen_200730_Foto-Vera-Welin-Viktorsson-scaled.jpeg\"><img loading=\"lazy\" decoding=\"async\" width=\"768\" height=\"1024\" src=\"https:\/\/bokskogslopare.se\/wp\/wp-content\/uploads\/2020\/12\/Dammen_200730_Foto-Vera-Welin-Viktorsson-768x1024.jpeg\" alt=\"\" class=\"wp-image-475\" srcset=\"https:\/\/bokskogslopare.se\/wp\/wp-content\/uploads\/2020\/12\/Dammen_200730_Foto-Vera-Welin-Viktorsson-768x1024.jpeg 768w, https:\/\/bokskogslopare.se\/wp\/wp-content\/uploads\/2020\/12\/Dammen_200730_Foto-Vera-Welin-Viktorsson-225x300.jpeg 225w, https:\/\/bokskogslopare.se\/wp\/wp-content\/uploads\/2020\/12\/Dammen_200730_Foto-Vera-Welin-Viktorsson-1152x1536.jpeg 1152w, https:\/\/bokskogslopare.se\/wp\/wp-content\/uploads\/2020\/12\/Dammen_200730_Foto-Vera-Welin-Viktorsson-1536x2048.jpeg 1536w, https:\/\/bokskogslopare.se\/wp\/wp-content\/uploads\/2020\/12\/Dammen_200730_Foto-Vera-Welin-Viktorsson-scaled.jpeg 1920w\" sizes=\"auto, (max-width: 768px) 100vw, 768px\" \/><\/a><figcaption class=\"wp-element-caption\">Hammarm\u00f6lledamm 200730. Foto Vera Welin Viktorsson<\/figcaption><\/figure>\n\n\n\n<p><\/p>\n\n\n\n<p><\/p>\n","protected":false},"excerpt":{"rendered":"<p>Pga grund av stora kommande f\u00f6r\u00e4ndringar p\u00e5 Hovdala naturomr\u00e5de \u00e4r inte n\u00e5gon fladdermussafari planerad under 2025. Hammarm\u00f6lledamm (bilden) kommer rivas ut under 2025 vilket f\u00f6rmodas p\u00e5verka fladdermusfaunan i omr\u00e5det. Hur stor eller vilken p\u00e5verkan det ger \u00e4r os\u00e4kert att sia &hellip; <a href=\"https:\/\/bokskogslopare.se\/wp\/?page_id=39\">Forts\u00e4tt l\u00e4sa <span class=\"meta-nav\">&rarr;<\/span><\/a><\/p>\n","protected":false},"author":1,"featured_media":46,"parent":0,"menu_order":2,"comment_status":"closed","ping_status":"closed","template":"","meta":{"footnotes":""},"class_list":["post-39","page","type-page","status-publish","has-post-thumbnail","hentry"],"_links":{"self":[{"href":"https:\/\/bokskogslopare.se\/wp\/index.php?rest_route=\/wp\/v2\/pages\/39","targetHints":{"allow":["GET"]}}],"collection":[{"href":"https:\/\/bokskogslopare.se\/wp\/index.php?rest_route=\/wp\/v2\/pages"}],"about":[{"href":"https:\/\/bokskogslopare.se\/wp\/index.php?rest_route=\/wp\/v2\/types\/page"}],"author":[{"embeddable":true,"href":"https:\/\/bokskogslopare.se\/wp\/index.php?rest_route=\/wp\/v2\/users\/1"}],"replies":[{"embeddable":true,"href":"https:\/\/bokskogslopare.se\/wp\/index.php?rest_route=%2Fwp%2Fv2%2Fcomments&post=39"}],"version-history":[{"count":145,"href":"https:\/\/bokskogslopare.se\/wp\/index.php?rest_route=\/wp\/v2\/pages\/39\/revisions"}],"predecessor-version":[{"id":662,"href":"https:\/\/bokskogslopare.se\/wp\/index.php?rest_route=\/wp\/v2\/pages\/39\/revisions\/662"}],"wp:featuredmedia":[{"embeddable":true,"href":"https:\/\/bokskogslopare.se\/wp\/index.php?rest_route=\/wp\/v2\/media\/46"}],"wp:attachment":[{"href":"https:\/\/bokskogslopare.se\/wp\/index.php?rest_route=%2Fwp%2Fv2%2Fmedia&parent=39"}],"curies":[{"name":"wp","href":"https:\/\/api.w.org\/{rel}","templated":true}]}}