{"id":219,"date":"2014-12-28T14:36:45","date_gmt":"2014-12-28T13:36:45","guid":{"rendered":"http:\/\/bokskogslopare.se\/wp\/?page_id=219"},"modified":"2024-01-30T08:59:11","modified_gmt":"2024-01-30T07:59:11","slug":"fladdermoss-i-kristianstad","status":"publish","type":"page","link":"https:\/\/bokskogslopare.se\/wp\/?page_id=219","title":{"rendered":"Covid-19"},"content":{"rendered":"<p><strong>Restriktioner 2024:<\/strong><\/p>\n<p>Inga restriktioner eller speciella anpassningar under fladdermusguidningarna 2024.<\/p>\n<p><strong>Coronavirus och fladderm\u00f6ss:<\/strong><\/p>\n<p>Det skrivs och talas en hel del om att fladderm\u00f6ss \u00e4r orsaken till Covid-19. Det \u00e4r fel &#8211; m\u00e4nniskor \u00e4r orsaken till pandemin.<\/p>\n<p>Det \u00e4r\u00a0 m\u00f6jligt, t o m troligt, att viruset som ger Covid-19 har sitt ursprung hos fladderm\u00f6ss. M\u00e5nga (jag menar riktigt m\u00e5nga) olika coronavirus finns i naturen hos olika djurarter och det aktuella coronaviruset har likheter med coronavirus man funnit hos fladderm\u00f6ss. Men ingen m\u00e4nniska har n\u00e5gonsin smittats av coronavirus direkt fr\u00e5n fladderm\u00f6ss. Av allvarliga sjukdomar \u00e4r det faktiskt bara rabies som man vet att m\u00e4nniskor smittats direkt av fladderm\u00f6ss. Men detta \u00e4r extremt ovanligt, i mer \u00e4n 99% av alla rabiesfall hos m\u00e4nniskor i v\u00e4rlden har smittan \u00f6verf\u00f6rts fr\u00e5n hundar.<\/p>\n<p>Hypotesen om Covid-19 \u00e4r att fladderm\u00f6ss p\u00e5 n\u00e5got s\u00e4tt smittat myrkottar som d\u00e5 blivit &#8221;mellanv\u00e4rd&#8221; f\u00f6r viruset. Myrkottar som \u00e4ts och anv\u00e4nds inom traditionell medicin p\u00e5 vissa h\u00e5ll i v\u00e4rlden har s\u00e5lts p\u00e5 stora marknader och d\u00e5 har m\u00e4nniskor f\u00e5tt smittan. Orsaken till nuvarnade pandemi \u00e4r allts\u00e5 vi sj\u00e4lva.<\/p>\n<p>Vi m\u00e4nniskor &#8221;sl\u00e4pper ut&#8221; virus fr\u00e5n naturen genom att:<\/p>\n<ul>\n<li>F\u00f6rst\u00f6ra natur, och d\u00e4rmed djurens naturliga habitat.<\/li>\n<li>Genom handel av vilda djur.<\/li>\n<li>Genom konsumtion av vilda djur.<\/li>\n<li>Genom oh\u00e5llbar boskapsh\u00e5llning.<\/li>\n<\/ul>\n<p>L\u00e4s mer:<\/p>\n<p>Artikel i Vox: <a href=\"https:\/\/www.vox.com\/science-and-health\/2020\/2\/12\/21133560\/coronavirus-china-bats-pangolin-zoonotic-disease\">https:\/\/www.vox.com\/science-and-health\/2020\/2\/12\/21133560\/coronavirus-china-bats-pangolin-zoonotic-disease<\/a><\/p>\n<p>Artikel i Sk\u00e5nska dagbladet: <a href=\"https:\/\/www.skd.se\/2020\/02\/14\/skydda-en-nyttig-kompis\/\">https:\/\/www.skd.se\/2020\/02\/14\/skydda-en-nyttig-kompis\/<\/a><\/p>\n<p><a href=\"http:\/\/bokskogslopare.se\/wp\/?attachment_id=407\" rel=\"attachment wp-att-407\"><img loading=\"lazy\" decoding=\"async\" class=\"alignnone size-medium wp-image-407\" src=\"http:\/\/bokskogslopare.se\/wp\/wp-content\/uploads\/2020\/04\/Pandemics-298x300.png\" alt=\"\" width=\"298\" height=\"300\" srcset=\"https:\/\/bokskogslopare.se\/wp\/wp-content\/uploads\/2020\/04\/Pandemics-298x300.png 298w, https:\/\/bokskogslopare.se\/wp\/wp-content\/uploads\/2020\/04\/Pandemics-150x150.png 150w, https:\/\/bokskogslopare.se\/wp\/wp-content\/uploads\/2020\/04\/Pandemics.png 539w\" sizes=\"auto, (max-width: 298px) 100vw, 298px\" \/><\/a><\/p>\n\n\n<p><\/p>\n","protected":false},"excerpt":{"rendered":"<p>Restriktioner 2024: Inga restriktioner eller speciella anpassningar under fladdermusguidningarna 2024. Coronavirus och fladderm\u00f6ss: Det skrivs och talas en hel del om att fladderm\u00f6ss \u00e4r orsaken till Covid-19. Det \u00e4r fel &#8211; m\u00e4nniskor \u00e4r orsaken till pandemin. Det \u00e4r\u00a0 m\u00f6jligt, t &hellip; <a href=\"https:\/\/bokskogslopare.se\/wp\/?page_id=219\">Forts\u00e4tt l\u00e4sa <span class=\"meta-nav\">&rarr;<\/span><\/a><\/p>\n","protected":false},"author":1,"featured_media":0,"parent":0,"menu_order":7,"comment_status":"closed","ping_status":"closed","template":"","meta":{"footnotes":""},"class_list":["post-219","page","type-page","status-publish","hentry"],"_links":{"self":[{"href":"https:\/\/bokskogslopare.se\/wp\/index.php?rest_route=\/wp\/v2\/pages\/219","targetHints":{"allow":["GET"]}}],"collection":[{"href":"https:\/\/bokskogslopare.se\/wp\/index.php?rest_route=\/wp\/v2\/pages"}],"about":[{"href":"https:\/\/bokskogslopare.se\/wp\/index.php?rest_route=\/wp\/v2\/types\/page"}],"author":[{"embeddable":true,"href":"https:\/\/bokskogslopare.se\/wp\/index.php?rest_route=\/wp\/v2\/users\/1"}],"replies":[{"embeddable":true,"href":"https:\/\/bokskogslopare.se\/wp\/index.php?rest_route=%2Fwp%2Fv2%2Fcomments&post=219"}],"version-history":[{"count":54,"href":"https:\/\/bokskogslopare.se\/wp\/index.php?rest_route=\/wp\/v2\/pages\/219\/revisions"}],"predecessor-version":[{"id":646,"href":"https:\/\/bokskogslopare.se\/wp\/index.php?rest_route=\/wp\/v2\/pages\/219\/revisions\/646"}],"wp:attachment":[{"href":"https:\/\/bokskogslopare.se\/wp\/index.php?rest_route=%2Fwp%2Fv2%2Fmedia&parent=219"}],"curies":[{"name":"wp","href":"https:\/\/api.w.org\/{rel}","templated":true}]}}