{"id":13,"date":"2012-12-02T12:57:17","date_gmt":"2012-12-02T11:57:17","guid":{"rendered":"http:\/\/bokskogslopare.se\/wp\/?page_id=13"},"modified":"2023-01-11T10:43:38","modified_gmt":"2023-01-11T09:43:38","slug":"13-2","status":"publish","type":"page","link":"https:\/\/bokskogslopare.se\/wp\/","title":{"rendered":"Fladderm\u00f6ss!"},"content":{"rendered":"<div id=\"attachment_480\" style=\"width: 250px\" class=\"wp-caption alignnone\"><a href=\"https:\/\/bokskogslopare.se\/wp\/wp-content\/uploads\/2020\/12\/H-damm2.jpg\"><img loading=\"lazy\" decoding=\"async\" aria-describedby=\"caption-attachment-480\" class=\"size-medium wp-image-480\" src=\"https:\/\/bokskogslopare.se\/wp\/wp-content\/uploads\/2020\/12\/H-damm2-240x300.jpg\" alt=\"\" width=\"240\" height=\"300\" srcset=\"https:\/\/bokskogslopare.se\/wp\/wp-content\/uploads\/2020\/12\/H-damm2-240x300.jpg 240w, https:\/\/bokskogslopare.se\/wp\/wp-content\/uploads\/2020\/12\/H-damm2-819x1024.jpg 819w, https:\/\/bokskogslopare.se\/wp\/wp-content\/uploads\/2020\/12\/H-damm2-768x960.jpg 768w, https:\/\/bokskogslopare.se\/wp\/wp-content\/uploads\/2020\/12\/H-damm2-1229x1536.jpg 1229w, https:\/\/bokskogslopare.se\/wp\/wp-content\/uploads\/2020\/12\/H-damm2.jpg 1440w\" sizes=\"auto, (max-width: 240px) 100vw, 240px\" \/><\/a><p id=\"caption-attachment-480\" class=\"wp-caption-text\">Fladdermusspaning<\/p><\/div>\n<p>V\u00e4lkomna till fladderm\u00f6ssens v\u00e4rld!<\/p>\n<p>Med fladdermusdetektorer ger vi oss ut f\u00f6r att lyssna p\u00e5 de hemliga djuren. K\u00e4nslan n\u00e4r man h\u00f6r fladderm\u00f6ssens knattrande ljud fr\u00e5n ultraljudsdetektorn och sedan ser de kvicka djuren flyga f\u00f6rbi! En verkligt annorlunda naturupplevelse i skymning och m\u00f6rker utlovas.<\/p>\n<p>S\u00e5 h\u00e4r kan det se ut p\u00e5 Hovdala en sommarkv\u00e4ll:\u00a0 <a title=\"Klipp fr\u00e5n fladdermusguidning vid Hovdala i juli 2012\" href=\"http:\/\/www.youtube.com\/watch?v=jKizXHLxXK4\" target=\"_blank\" rel=\"noopener\">http:\/\/www.youtube.com\/watch?v=jKizXHLxXK4<\/a><\/p>\n<p>Inte bara fladderm\u00f6ss f\u00f6rresten: Vi kanske h\u00f6r ugglor, morkullor, kv\u00e4llsaktiva s\u00e5ngare och en r\u00e5bock. Vi kanske\u00a0ser gr\u00e4vlingar och igelkottar.\u00a0Gr\u00e4shoppor, sl\u00e4ndor och\u00a0en del mygg! Jag tar med myggmedel s\u00e5 det r\u00e4cker till alla.<\/p>\n<p><strong>Regn!<\/strong> Kraftigt regn \u00e4r d\u00e5ligt fladdermusv\u00e4der.\u00a0Jag st\u00e4ller dock inte in n\u00e5gon planerad fladdermussafari. F\u00f6rutom i allt f\u00f6r trist v\u00e4der och i s\u00e5 fall i allra sista stund. G\u00e4ster som f\u00f6rbetalt f\u00e5r alltid pengarna tillbaka eller erbjudande om ett annat datum om evenemanget inte blir av.<\/p>\n\n\n<p><\/p>\n","protected":false},"excerpt":{"rendered":"<p>V\u00e4lkomna till fladderm\u00f6ssens v\u00e4rld! Med fladdermusdetektorer ger vi oss ut f\u00f6r att lyssna p\u00e5 de hemliga djuren. K\u00e4nslan n\u00e4r man h\u00f6r fladderm\u00f6ssens knattrande ljud fr\u00e5n ultraljudsdetektorn och sedan ser de kvicka djuren flyga f\u00f6rbi! En verkligt annorlunda naturupplevelse i skymning &hellip; <a href=\"https:\/\/bokskogslopare.se\/wp\/\">Forts\u00e4tt l\u00e4sa <span class=\"meta-nav\">&rarr;<\/span><\/a><\/p>\n","protected":false},"author":1,"featured_media":0,"parent":0,"menu_order":0,"comment_status":"closed","ping_status":"closed","template":"","meta":{"footnotes":""},"class_list":["post-13","page","type-page","status-publish","hentry"],"_links":{"self":[{"href":"https:\/\/bokskogslopare.se\/wp\/index.php?rest_route=\/wp\/v2\/pages\/13","targetHints":{"allow":["GET"]}}],"collection":[{"href":"https:\/\/bokskogslopare.se\/wp\/index.php?rest_route=\/wp\/v2\/pages"}],"about":[{"href":"https:\/\/bokskogslopare.se\/wp\/index.php?rest_route=\/wp\/v2\/types\/page"}],"author":[{"embeddable":true,"href":"https:\/\/bokskogslopare.se\/wp\/index.php?rest_route=\/wp\/v2\/users\/1"}],"replies":[{"embeddable":true,"href":"https:\/\/bokskogslopare.se\/wp\/index.php?rest_route=%2Fwp%2Fv2%2Fcomments&post=13"}],"version-history":[{"count":49,"href":"https:\/\/bokskogslopare.se\/wp\/index.php?rest_route=\/wp\/v2\/pages\/13\/revisions"}],"predecessor-version":[{"id":605,"href":"https:\/\/bokskogslopare.se\/wp\/index.php?rest_route=\/wp\/v2\/pages\/13\/revisions\/605"}],"wp:attachment":[{"href":"https:\/\/bokskogslopare.se\/wp\/index.php?rest_route=%2Fwp%2Fv2%2Fmedia&parent=13"}],"curies":[{"name":"wp","href":"https:\/\/api.w.org\/{rel}","templated":true}]}}